{"id":239,"date":"2025-11-09T02:21:08","date_gmt":"2025-11-09T01:21:08","guid":{"rendered":"https:\/\/craftshirt.shop-webspace.de\/shop\/produkt\/hoodie-ich-bin-nicht-faul-ich-geniesse-nur-die-pausen-sloth-graphic\/"},"modified":"2025-11-10T19:29:27","modified_gmt":"2025-11-10T18:29:27","slug":"hoodie-ich-bin-nicht-faul-ich-geniesse-nur-die-pausen-sloth-graphic","status":"publish","type":"product","link":"https:\/\/handwerker-shirts.de\/shop\/produkt\/hoodie-ich-bin-nicht-faul-ich-geniesse-nur-die-pausen-sloth-graphic\/","title":{"rendered":"Hoodie \u2013 &#8222;Ich bin nicht faul, ich genie\u00dfe nur die Pausen&#8220; Sloth Graphic"},"content":{"rendered":"<div class=\"module--translations-translatedtext js-module--translations-translatedtext is-placeholder\" data-size=\"s\">Weich, warm und leise verspielt \u2013 dieser Kapuzenpullover h\u00fcllt dich in kuscheligen Komfort und zeigt gleichzeitig einen entspannten Sinn f\u00fcr Humor. Die leicht \u00fcbergro\u00dfe Passform und die Beuteltasche laden dazu ein, die H\u00e4nde hinein zu schieben und langsamer zu werden. Auf der R\u00fcckseite lesen sich eine Illustration im Retro-Stil und ein deutscher Text wie eine wissende Anspielung auf jeden, der Ruhe und sanfte Selbstakzeptanz zu sch\u00e4tzen wei\u00df. T<\/div>\n<div data-size=\"s\"><\/div>\n<div class=\"module--translations-translatedtext js-module--translations-translatedtext is-placeholder\" data-size=\"s\">Nicht chemisch reinigen &#8211; Maschinenw\u00e4sche: kalt (max. 30 \u00b0C oder 90 \u00b0F) &#8211;<\/div>\n","protected":false},"excerpt":{"rendered":"<p>Weich, warm und leise verspielt \u2013 dieser Kapuzenpullover h\u00fcllt dich in kuscheligen Komfort und zeigt gleichzeitig einen entspannten Sinn f\u00fcr Humor. Die leicht \u00fcbergro\u00dfe Passform und die Beuteltasche laden dazu ein, die H\u00e4nde hinein zu schieben und langsamer zu werden. Auf der R\u00fcckseite lesen sich eine Illustration im Retro-Stil und ein deutscher Text wie eine [&hellip;]<\/p>\n","protected":false},"featured_media":249,"comment_status":"open","ping_status":"closed","template":"","meta":[],"product_brand":[],"product_cat":[15],"product_tag":[],"class_list":{"0":"post-239","1":"product","2":"type-product","3":"status-publish","4":"has-post-thumbnail","6":"product_cat-unkategorisiert","8":"first","9":"instock","10":"shipping-taxable","11":"purchasable","12":"product-type-variable","13":"has-default-attributes"},"_links":{"self":[{"href":"https:\/\/handwerker-shirts.de\/shop\/wp-json\/wp\/v2\/product\/239","targetHints":{"allow":["GET"]}}],"collection":[{"href":"https:\/\/handwerker-shirts.de\/shop\/wp-json\/wp\/v2\/product"}],"about":[{"href":"https:\/\/handwerker-shirts.de\/shop\/wp-json\/wp\/v2\/types\/product"}],"replies":[{"embeddable":true,"href":"https:\/\/handwerker-shirts.de\/shop\/wp-json\/wp\/v2\/comments?post=239"}],"wp:featuredmedia":[{"embeddable":true,"href":"https:\/\/handwerker-shirts.de\/shop\/wp-json\/wp\/v2\/media\/249"}],"wp:attachment":[{"href":"https:\/\/handwerker-shirts.de\/shop\/wp-json\/wp\/v2\/media?parent=239"}],"wp:term":[{"taxonomy":"product_brand","embeddable":true,"href":"https:\/\/handwerker-shirts.de\/shop\/wp-json\/wp\/v2\/product_brand?post=239"},{"taxonomy":"product_cat","embeddable":true,"href":"https:\/\/handwerker-shirts.de\/shop\/wp-json\/wp\/v2\/product_cat?post=239"},{"taxonomy":"product_tag","embeddable":true,"href":"https:\/\/handwerker-shirts.de\/shop\/wp-json\/wp\/v2\/product_tag?post=239"}],"curies":[{"name":"wp","href":"https:\/\/api.w.org\/{rel}","templated":true}]}}