{"id":222,"date":"2025-11-07T16:13:18","date_gmt":"2025-11-07T15:13:18","guid":{"rendered":"https:\/\/craftshirt.shop-webspace.de\/shop\/produkt\/handwerker-t-shirt-wenn-der-handwerker-nichts-zu-tun-hat-kommt-er-auf-die-besten-ideen\/"},"modified":"2026-04-02T01:35:17","modified_gmt":"2026-04-01T23:35:17","slug":"handwerker-t-shirt-wenn-der-handwerker-nichts-zu-tun-hat-kommt-er-auf-die-besten-ideen","status":"publish","type":"product","link":"https:\/\/handwerker-shirts.de\/shop\/produkt\/handwerker-t-shirt-wenn-der-handwerker-nichts-zu-tun-hat-kommt-er-auf-die-besten-ideen\/","title":{"rendered":"Handwerker T-Shirt \u2013 Wenn der Handwerker nichts zu tun hat kommt er auf die besten Ideen"},"content":{"rendered":"<div class=\"module--translations-translatedtext js-module--translations-translatedtext\" data-size=\"s\">Dieses leichte T-Shirt aus Jersey tr\u00e4gt eine auff\u00e4llige Grafik im Vintage-Stil, die den allt\u00e4glichen Einfallsreichtum von Handwerkern zelebriert.<\/div>\n<div data-size=\"s\"><\/div>\n<div class=\"module--translations-translatedtext js-module--translations-translatedtext\" data-size=\"s\">Es f\u00fchlt sich atmungsaktiv an und l\u00e4sst sich leicht bewegen, egal ob Sie vor Ort oder in der Freizeit sind. Das Kunstwerk \u2013 das einen nachdenklichen, b\u00e4rtigen Handwerker und einen deutschen Slogan zeigt \u2013 liest sich wie ein Zeichen des Stolzes: Es ist f\u00fcr Menschen, die t\u00fcfteln, Probleme l\u00f6sen und einen geradlinigen, ehrlichen Stil sch\u00e4tzen.<\/div>\n<div data-size=\"s\"><\/div>\n<div class=\"module--translations-translatedtext js-module--translations-translatedtext\" data-size=\"s\">Tragen Sie es, um bei der Arbeit, bei einem Wochenendworkshop oder beim Austausch von Geschichten bei einem Bier.<\/div>\n<div data-size=\"s\"><\/div>\n<div data-size=\"s\">\n<div class=\"module--translations-translatedtext js-module--translations-translatedtext\" data-size=\"s\">Produkteigenschaften<\/div>\n<div class=\"module--translations-translatedtext js-module--translations-translatedtext\" data-size=\"s\">&#8211; 100 % gek\u00e4mmte und ringgesponnene Airlume-Baumwolle (Bella Canvas 3001) \u2013 leichte 4,2 oz\/yd\u00b2 f\u00fcr Atmungsaktivit\u00e4t<\/div>\n<div class=\"module--translations-translatedtext js-module--translations-translatedtext\" data-size=\"s\">&#8211; Seitenn\u00e4hte und Schulterband f\u00fcr verbesserte Formbest\u00e4ndigkeit und weniger\u00a0 \u00a0 \u00a0 Dehnung<\/div>\n<div class=\"module--translations-translatedtext js-module--translations-translatedtext\" data-size=\"s\">&#8211; Gerippter Strickkragen mit Naht und Rundhalsausschnitt f\u00fcr eine gepflegte,\u00a0 \u00a0 \u00a0 \u00a0 \u00a0 klassische Passform<\/div>\n<div class=\"module--translations-translatedtext js-module--translations-translatedtext\" data-size=\"s\">Pflegehinweise &#8211; Maschinenw\u00e4sche: kalt (max. 30 \u00b0C oder 90 \u00b0F)<\/div>\n<div class=\"module--translations-translatedtext js-module--translations-translatedtext\" data-size=\"s\">\u00a0 \u00a0 \u00a0 \u00a0 \u00a0 \u00a0 \u00a0 \u00a0 \u00a0 \u00a0 \u00a0 \u00a0 \u00a0&#8211; Nicht chemisch reinigen<\/div>\n<\/div>\n","protected":false},"excerpt":{"rendered":"<p>Dieses leichte T-Shirt aus Jersey tr\u00e4gt eine auff\u00e4llige Grafik im Vintage-Stil, die den allt\u00e4glichen Einfallsreichtum von Handwerkern zelebriert. Es f\u00fchlt sich atmungsaktiv an und l\u00e4sst sich leicht bewegen, egal ob Sie vor Ort oder in der Freizeit sind. Das Kunstwerk \u2013 das einen nachdenklichen, b\u00e4rtigen Handwerker und einen deutschen Slogan zeigt \u2013 liest sich wie [&hellip;]<\/p>\n","protected":false},"featured_media":234,"comment_status":"open","ping_status":"closed","template":"","meta":[],"product_brand":[],"product_cat":[15],"product_tag":[],"class_list":{"0":"post-222","1":"product","2":"type-product","3":"status-publish","4":"has-post-thumbnail","6":"product_cat-unkategorisiert","8":"first","9":"instock","10":"shipping-taxable","11":"purchasable","12":"product-type-variable","13":"has-default-attributes"},"_links":{"self":[{"href":"https:\/\/handwerker-shirts.de\/shop\/wp-json\/wp\/v2\/product\/222","targetHints":{"allow":["GET"]}}],"collection":[{"href":"https:\/\/handwerker-shirts.de\/shop\/wp-json\/wp\/v2\/product"}],"about":[{"href":"https:\/\/handwerker-shirts.de\/shop\/wp-json\/wp\/v2\/types\/product"}],"replies":[{"embeddable":true,"href":"https:\/\/handwerker-shirts.de\/shop\/wp-json\/wp\/v2\/comments?post=222"}],"wp:featuredmedia":[{"embeddable":true,"href":"https:\/\/handwerker-shirts.de\/shop\/wp-json\/wp\/v2\/media\/234"}],"wp:attachment":[{"href":"https:\/\/handwerker-shirts.de\/shop\/wp-json\/wp\/v2\/media?parent=222"}],"wp:term":[{"taxonomy":"product_brand","embeddable":true,"href":"https:\/\/handwerker-shirts.de\/shop\/wp-json\/wp\/v2\/product_brand?post=222"},{"taxonomy":"product_cat","embeddable":true,"href":"https:\/\/handwerker-shirts.de\/shop\/wp-json\/wp\/v2\/product_cat?post=222"},{"taxonomy":"product_tag","embeddable":true,"href":"https:\/\/handwerker-shirts.de\/shop\/wp-json\/wp\/v2\/product_tag?post=222"}],"curies":[{"name":"wp","href":"https:\/\/api.w.org\/{rel}","templated":true}]}}