{"id":163,"date":"2025-11-02T22:40:22","date_gmt":"2025-11-02T21:40:22","guid":{"rendered":"https:\/\/craftshirt.shop-webspace.de\/shop\/produkt\/handwerker-best-t-shirt-unisex-garment-dyed-tee-for-craft-lovers\/"},"modified":"2025-11-11T14:47:26","modified_gmt":"2025-11-11T13:47:26","slug":"handwerker-best-t-shirt-unisex-garment-dyed-tee-for-craft-lovers","status":"publish","type":"product","link":"https:\/\/handwerker-shirts.de\/shop\/produkt\/handwerker-best-t-shirt-unisex-garment-dyed-tee-for-craft-lovers\/","title":{"rendered":"Handwerker T-Shirt: Studieren kann jeder"},"content":{"rendered":"<div class=\"module--translations-translatedtext js-module--translations-translatedtext\" data-size=\"s\">Unisex-T-Shirt<\/div>\n<div data-size=\"s\"><\/div>\n<div class=\"module--translations-translatedtext js-module--translations-translatedtext\" data-size=\"s\">Gr\u00f6\u00dfen S bis 4XL f\u00fcr eine perfekte Passform<\/div>\n<div class=\"module--translations-translatedtext js-module--translations-translatedtext\" data-size=\"s\">Strapazierf\u00e4hige Doppeln\u00e4hte an allen N\u00e4hten<\/div>\n<div class=\"module--translations-translatedtext js-module--translations-translatedtext\" data-size=\"s\">Weiches\u00a0 Gewebe f\u00fcr ein angenehmes Tragegef\u00fchl<\/div>\n<div class=\"module--translations-translatedtext js-module--translations-translatedtext\" data-size=\"s\">Hergestellt aus vorgeschrumpfter 100 % ringgesponnener Baumwolle<\/div>\n<div data-size=\"s\"><\/div>\n<div data-size=\"s\">\n<div class=\"module--translations-translatedtext js-module--translations-translatedtext\" data-size=\"s\">Pflegehinweise<\/div>\n<div class=\"module--translations-translatedtext js-module--translations-translatedtext\" data-size=\"s\">&#8211; Maschinenw\u00e4sche: kalt (max. 30 \u00b0C oder 90 \u00b0F)<\/div>\n<div class=\"module--translations-translatedtext js-module--translations-translatedtext\" data-size=\"s\">&#8211; Nicht bleichen<\/div>\n<div class=\"module--translations-translatedtext js-module--translations-translatedtext\" data-size=\"s\">&#8211; Im Trockner trocknen: geringe Hitze<\/div>\n<div class=\"module--translations-translatedtext js-module--translations-translatedtext\" data-size=\"s\">&#8211; B\u00fcgeln, Dampf oder Trocken: geringe Hitze<\/div>\n<div class=\"module--translations-translatedtext js-module--translations-translatedtext\" data-size=\"s\">&#8211; Nicht chemisch reinigen<\/div>\n<\/div>\n","protected":false},"excerpt":{"rendered":"<p>Unisex-T-Shirt Gr\u00f6\u00dfen S bis 4XL f\u00fcr eine perfekte Passform Strapazierf\u00e4hige Doppeln\u00e4hte an allen N\u00e4hten Weiches\u00a0 Gewebe f\u00fcr ein angenehmes Tragegef\u00fchl Hergestellt aus vorgeschrumpfter 100 % ringgesponnener Baumwolle Pflegehinweise &#8211; Maschinenw\u00e4sche: kalt (max. 30 \u00b0C oder 90 \u00b0F) &#8211; Nicht bleichen &#8211; Im Trockner trocknen: geringe Hitze &#8211; B\u00fcgeln, Dampf oder Trocken: geringe Hitze &#8211; Nicht [&hellip;]<\/p>\n","protected":false},"featured_media":172,"comment_status":"open","ping_status":"closed","template":"","meta":[],"product_brand":[],"product_cat":[15],"product_tag":[],"class_list":{"0":"post-163","1":"product","2":"type-product","3":"status-publish","4":"has-post-thumbnail","6":"product_cat-unkategorisiert","8":"first","9":"instock","10":"shipping-taxable","11":"purchasable","12":"product-type-variable","13":"has-default-attributes"},"_links":{"self":[{"href":"https:\/\/handwerker-shirts.de\/shop\/wp-json\/wp\/v2\/product\/163","targetHints":{"allow":["GET"]}}],"collection":[{"href":"https:\/\/handwerker-shirts.de\/shop\/wp-json\/wp\/v2\/product"}],"about":[{"href":"https:\/\/handwerker-shirts.de\/shop\/wp-json\/wp\/v2\/types\/product"}],"replies":[{"embeddable":true,"href":"https:\/\/handwerker-shirts.de\/shop\/wp-json\/wp\/v2\/comments?post=163"}],"wp:featuredmedia":[{"embeddable":true,"href":"https:\/\/handwerker-shirts.de\/shop\/wp-json\/wp\/v2\/media\/172"}],"wp:attachment":[{"href":"https:\/\/handwerker-shirts.de\/shop\/wp-json\/wp\/v2\/media?parent=163"}],"wp:term":[{"taxonomy":"product_brand","embeddable":true,"href":"https:\/\/handwerker-shirts.de\/shop\/wp-json\/wp\/v2\/product_brand?post=163"},{"taxonomy":"product_cat","embeddable":true,"href":"https:\/\/handwerker-shirts.de\/shop\/wp-json\/wp\/v2\/product_cat?post=163"},{"taxonomy":"product_tag","embeddable":true,"href":"https:\/\/handwerker-shirts.de\/shop\/wp-json\/wp\/v2\/product_tag?post=163"}],"curies":[{"name":"wp","href":"https:\/\/api.w.org\/{rel}","templated":true}]}}